{"id":10,"date":"2020-11-28T10:08:47","date_gmt":"2020-11-28T10:08:47","guid":{"rendered":"https:\/\/eco-system.hr\/?page_id=10"},"modified":"2025-11-11T09:45:08","modified_gmt":"2025-11-11T09:45:08","slug":"home","status":"publish","type":"page","link":"https:\/\/eco-system.hr\/","title":{"rendered":"Home"},"content":{"rendered":"<p><img loading=\"lazy\" decoding=\"async\" width=\"706\" height=\"528\" src=\"http:\/\/eco-system.hr\/wp-content\/uploads\/2020\/11\/Asset-6.png\" alt=\"\" srcset=\"https:\/\/eco-system.hr\/wp-content\/uploads\/2020\/11\/Asset-6.png 706w, https:\/\/eco-system.hr\/wp-content\/uploads\/2020\/11\/Asset-6-300x224.png 300w, https:\/\/eco-system.hr\/wp-content\/uploads\/2020\/11\/Asset-6-20x15.png 20w\" sizes=\"auto, (max-width: 706px) 100vw, 706px\" \/>\t\t\t\t\t\t\t\t\t\t\t\t\t\t\t<\/p>\n<h2>projektiranje &#8211; prodaja &#8211; instalacija &#8211; odr\u017eavanje<\/h2>\n<h1>fotonaponski solarni sustavi<\/h1>\n<p>\t\t\t\t\t<a href=\"#kontakt\"><br \/>\n\t\t\t\t\t\t\t\t\tKONTAKT<br \/>\n\t\t\t\t\t<\/a><br \/>\n\t\t\t<svg aria-hidden=\"true\" viewBox=\"0 0 512 512\" xmlns=\"http:\/\/www.w3.org\/2000\/svg\"><path d=\"M256 160c-52.9 0-96 43.1-96 96s43.1 96 96 96 96-43.1 96-96-43.1-96-96-96zm246.4 80.5l-94.7-47.3 33.5-100.4c4.5-13.6-8.4-26.5-21.9-21.9l-100.4 33.5-47.4-94.8c-6.4-12.8-24.6-12.8-31 0l-47.3 94.7L92.7 70.8c-13.6-4.5-26.5 8.4-21.9 21.9l33.5 100.4-94.7 47.4c-12.8 6.4-12.8 24.6 0 31l94.7 47.3-33.5 100.5c-4.5 13.6 8.4 26.5 21.9 21.9l100.4-33.5 47.3 94.7c6.4 12.8 24.6 12.8 31 0l47.3-94.7 100.4 33.5c13.6 4.5 26.5-8.4 21.9-21.9l-33.5-100.4 94.7-47.3c13-6.5 13-24.7.2-31.1zm-155.9 106c-49.9 49.9-131.1 49.9-181 0-49.9-49.9-49.9-131.1 0-181 49.9-49.9 131.1-49.9 181 0 49.9 49.9 49.9 131.1 0 181z\"><\/path><\/svg>\t\t\t<\/p>\n<h2>ECO SYSTEM &#8211; SOLARNI PANELi<\/h2>\n<p>Tvrtka <strong>ECO SYSTEM d.o.o.<\/strong> osnovana je 1992. godine. Specijalizirani smo za poslove projektiranja, prodaje, instalacije i odr\u017eavanja fotonaponskih solarnih sustava. Odgovaraju\u0107i na zahtjeve tr\u017ei\u0161ta svoje smo usluge pro\u0161irili i na podru\u010dja automatike, elektroin\u017eenjeringa i LED rasvjete, te smo u mogu\u0107nosti ponuditi kompletnu uslugu sukladno s va\u017ee\u0107om zakonskom regulativom, normama, te pravilima struke.\u00a0<\/p>\n<p>\t\t\t\t\t\t\t\t\t\t\t\t\t\t\t<img loading=\"lazy\" decoding=\"async\" width=\"533\" height=\"800\" src=\"http:\/\/eco-system.hr\/wp-content\/uploads\/2020\/11\/vivint-solar-9CalgkSRZb8-unsplash.jpg\" alt=\"\" srcset=\"https:\/\/eco-system.hr\/wp-content\/uploads\/2020\/11\/vivint-solar-9CalgkSRZb8-unsplash.jpg 533w, https:\/\/eco-system.hr\/wp-content\/uploads\/2020\/11\/vivint-solar-9CalgkSRZb8-unsplash-200x300.jpg 200w, https:\/\/eco-system.hr\/wp-content\/uploads\/2020\/11\/vivint-solar-9CalgkSRZb8-unsplash-13x20.jpg 13w\" sizes=\"auto, (max-width: 533px) 100vw, 533px\" \/>\t\t\t\t\t\t\t\t\t\t\t\t\t\t\t<\/p>\n<h2>USLUGE<\/h2>\n<h5>ECO SYSTEM d.o.o. nudi Vam kompletnu potporu kroz svoje usluge<\/h5>\n<p>Tvrtka <strong>ECO SYSTEM d.o.o.<\/strong> osnovana je 1992. godine. Specijalizirani smo za poslove projektiranja, prodaje, instalacije i odr\u017eavanja fotonaponskih solarnih sustava. Odgovaraju\u0107i na zahtjeve tr\u017ei\u0161ta svoje smo usluge pro\u0161irili i na podru\u010dja automatike, elektroin\u017eenjeringa i LED rasvjete, te smo u mogu\u0107nosti ponuditi kompletnu uslugu sukladno s va\u017ee\u0107om zakonskom regulativom, normama, te pravilima struke.\u00a0<\/p>\n<p>\t\t\t\t\t\t\t\t\t\t\t\t\t\t\t<img loading=\"lazy\" decoding=\"async\" width=\"1024\" height=\"682\" src=\"http:\/\/eco-system.hr\/wp-content\/uploads\/2020\/11\/key-home-house-2323278-1024x682.jpg\" alt=\"key, home, house\" srcset=\"https:\/\/eco-system.hr\/wp-content\/uploads\/2020\/11\/key-home-house-2323278-1024x682.jpg 1024w, https:\/\/eco-system.hr\/wp-content\/uploads\/2020\/11\/key-home-house-2323278-300x200.jpg 300w, https:\/\/eco-system.hr\/wp-content\/uploads\/2020\/11\/key-home-house-2323278-768x512.jpg 768w, https:\/\/eco-system.hr\/wp-content\/uploads\/2020\/11\/key-home-house-2323278-20x13.jpg 20w, https:\/\/eco-system.hr\/wp-content\/uploads\/2020\/11\/key-home-house-2323278.jpg 1280w\" sizes=\"auto, (max-width: 1024px) 100vw, 1024px\" \/>\t\t\t\t\t\t\t\t\t\t\t\t\t\t\t<\/p>\n<h3>Prodaja<\/h3>\n<ul>\n<li>Prodaja zasebnih komponenata fotonaponskog sustava (FN-moduli, inverteri, solarne baterije, naponski regulatori, automatski punja\u010di, kablovi, konstrukcije, itd)\u00a0<\/li>\n<li>Prodaja cjelokupnog asortimana LED rasvjete za interijere i eksterijere\u00a0<\/li>\n<li>Prodaja upravlja\u010dkih ormara, elektro razdjelnika, UPS sustava i prate\u0107e opreme\u00a0<\/li>\n<li>Prodaja sustava solarne javne rasvjete\u00a0<\/li>\n<li>Prodaja solarnih sustava za vikendice\u00a0<\/li>\n<li>Prodaja solarnih sustava za navodnjavanje<\/li>\n<\/ul>\n<h3>Konzalting<\/h3>\n<ul>\n<li>Ishodovanje dokumentacije u procesu stjecanja statusa povla\u0161tenog proizvo\u0111a\u010da elektri\u010dne energije (fotonaponske elektrane)\u00a0<\/li>\n<li>Izrada tehni\u010dkih, ekonomskih i financijskih elaborata, te investicijskih studija\u00a0<\/li>\n<li>Savjetovanja o mogu\u0107nostima financiranja i kreditiranja investicija\u00a0<\/li>\n<li>Nadzor i pra\u0107enje izgradnje<\/li>\n<\/ul>\n<p>\t\t\t\t\t\t\t\t\t\t\t\t\t\t\t<img loading=\"lazy\" decoding=\"async\" width=\"1024\" height=\"683\" src=\"http:\/\/eco-system.hr\/wp-content\/uploads\/2020\/11\/office-business-colleagues-1209640-1024x683.jpg\" alt=\"office, business, colleagues\" srcset=\"https:\/\/eco-system.hr\/wp-content\/uploads\/2020\/11\/office-business-colleagues-1209640-1024x683.jpg 1024w, https:\/\/eco-system.hr\/wp-content\/uploads\/2020\/11\/office-business-colleagues-1209640-300x200.jpg 300w, https:\/\/eco-system.hr\/wp-content\/uploads\/2020\/11\/office-business-colleagues-1209640-768x512.jpg 768w, https:\/\/eco-system.hr\/wp-content\/uploads\/2020\/11\/office-business-colleagues-1209640-20x13.jpg 20w, https:\/\/eco-system.hr\/wp-content\/uploads\/2020\/11\/office-business-colleagues-1209640.jpg 1280w\" sizes=\"auto, (max-width: 1024px) 100vw, 1024px\" \/><br \/>\n\t\t\t\t\t\t\t\t\t\t\t\t\t\t\t<img loading=\"lazy\" decoding=\"async\" width=\"1024\" height=\"640\" src=\"http:\/\/eco-system.hr\/wp-content\/uploads\/2020\/11\/meeting-business-architect-2284501-1024x640.jpg\" alt=\"meeting, business, architect\" srcset=\"https:\/\/eco-system.hr\/wp-content\/uploads\/2020\/11\/meeting-business-architect-2284501-1024x640.jpg 1024w, https:\/\/eco-system.hr\/wp-content\/uploads\/2020\/11\/meeting-business-architect-2284501-300x188.jpg 300w, https:\/\/eco-system.hr\/wp-content\/uploads\/2020\/11\/meeting-business-architect-2284501-768x480.jpg 768w, https:\/\/eco-system.hr\/wp-content\/uploads\/2020\/11\/meeting-business-architect-2284501-20x13.jpg 20w, https:\/\/eco-system.hr\/wp-content\/uploads\/2020\/11\/meeting-business-architect-2284501.jpg 1280w\" sizes=\"auto, (max-width: 1024px) 100vw, 1024px\" \/>\t\t\t\t\t\t\t\t\t\t\t\t\t\t\t<\/p>\n<h3>Projektiranje i In\u017eenjering<\/h3>\n<ul>\n<li>Projektiranje i instalacija fotonaponskih elektrana\u00a0<\/li>\n<li>Projektiranje i instalacija oto\u010dnih &#8220;stand-alone&#8221; solarnih sustava\u00a0<\/li>\n<li>Projektiranje i instalacija sustava solarne javne rasvjete\u00a0<\/li>\n<li>Projektiranje i izvo\u0111enje elektroinstalacija jake i slabe struje\u00a0<\/li>\n<li>Projektiranje i instalacija sustava automatike i upravljanja\u00a0<\/li>\n<li>Odr\u017eavanje i servis fotonaponskih elektrana\u00a0<\/li>\n<li>Mjerenje &#8220;kvalitete elektri\u010dne energije&#8221;<\/li>\n<li>Projektiranje i instalacija gromobranskih instalacija\u00a0<\/li>\n<\/ul>\n","protected":false},"excerpt":{"rendered":"<p>Welcome to WhiteWash A Clean Car Is A Happy Car Click edit button to change this text. Lorem ipsum dolor sit amet, consectetur adipiscing elit. Ut elit tellus, luctus nec ullamcorper mattis, pulvinar dapibus leo. Book Now Car Wash &#038; Detailing Service About Whitewash We Use Professional Equipment Lorem ipsum dolor sit amet, consectetur adipisicing &hellip;<\/p>\n<p class=\"read-more\"> <a class=\"\" href=\"https:\/\/websitedemos.net\/car-wash-02\/\"> <span class=\"screen-reader-text\">Home<\/span> Read More &raquo;<\/a><\/p>\n","protected":false},"author":1,"featured_media":0,"parent":0,"menu_order":0,"comment_status":"closed","ping_status":"closed","template":"elementor_header_footer","meta":{"footnotes":""},"class_list":["post-10","page","type-page","status-publish","hentry"],"_links":{"self":[{"href":"https:\/\/eco-system.hr\/index.php\/wp-json\/wp\/v2\/pages\/10","targetHints":{"allow":["GET"]}}],"collection":[{"href":"https:\/\/eco-system.hr\/index.php\/wp-json\/wp\/v2\/pages"}],"about":[{"href":"https:\/\/eco-system.hr\/index.php\/wp-json\/wp\/v2\/types\/page"}],"author":[{"embeddable":true,"href":"https:\/\/eco-system.hr\/index.php\/wp-json\/wp\/v2\/users\/1"}],"replies":[{"embeddable":true,"href":"https:\/\/eco-system.hr\/index.php\/wp-json\/wp\/v2\/comments?post=10"}],"version-history":[{"count":178,"href":"https:\/\/eco-system.hr\/index.php\/wp-json\/wp\/v2\/pages\/10\/revisions"}],"predecessor-version":[{"id":863,"href":"https:\/\/eco-system.hr\/index.php\/wp-json\/wp\/v2\/pages\/10\/revisions\/863"}],"wp:attachment":[{"href":"https:\/\/eco-system.hr\/index.php\/wp-json\/wp\/v2\/media?parent=10"}],"curies":[{"name":"wp","href":"https:\/\/api.w.org\/{rel}","templated":true}]}}